{"id":2,"date":"2023-08-01T22:09:11","date_gmt":"2023-08-01T20:09:11","guid":{"rendered":"https:\/\/cdl.gladki.unixstorm.org\/?page_id=2"},"modified":"2023-08-15T11:32:37","modified_gmt":"2023-08-15T09:32:37","slug":"przykladowa-strona","status":"publish","type":"page","link":"https:\/\/cdl.gladki.unixstorm.org\/?page_id=2","title":{"rendered":""},"content":{"rendered":"\n<h2 class=\"wp-block-heading\">PRACOWNIA PROTETYKI DENTYSTYCZNEJ<\/h2>\n\n\n\n<p><strong>Pracownia wykonuje:<\/strong><\/p>\n\n\n\n<ul class=\"wp-block-list\">\n<li>korony, mosty, lic\u00f3wki<\/li>\n\n\n\n<li>implanty<\/li>\n\n\n\n<li>kompozyt (lic\u00f3wki, inlaye, onlaye, overlaye)<\/li>\n\n\n\n<li>wk\u0142ady koronowo &#8211; korzeniowe<\/li>\n\n\n\n<li>protezy akrylowe, szkieletowe<\/li>\n\n\n\n<li>zasuwy, zatrzaski<\/li>\n\n\n\n<li>szyny wybielaj\u0105ce, relaksacyjne, retencyjne<\/li>\n\n\n\n<li>wax up<\/li>\n\n\n\n<li>modele drukowane z wycisk\u00f3w cyfrowych<\/li>\n<\/ul>\n\n\n\n<p><\/p>\n\n\n\n<p class=\"has-text-align-center\"><strong>Zapraszamy do wsp\u00f3\u0142pracy lekarzy stomatolog\u00f3w<\/strong><\/p>\n\n\n\n<p class=\"has-text-align-center\"><strong>Pacjent\u00f3w prosimy o kontakt w celu polecenia Pa\u0144stwu Gabinet\u00f3w Stomatologicznych z nami wsp\u00f3\u0142pracuj\u0105cych<\/strong><\/p>\n","protected":false},"excerpt":{"rendered":"<p>Oferta<\/p>\n","protected":false},"author":1,"featured_media":57,"parent":0,"menu_order":0,"comment_status":"closed","ping_status":"open","template":"","meta":{"footnotes":""},"class_list":["post-2","page","type-page","status-publish","has-post-thumbnail","hentry"],"_links":{"self":[{"href":"https:\/\/cdl.gladki.unixstorm.org\/index.php?rest_route=\/wp\/v2\/pages\/2","targetHints":{"allow":["GET"]}}],"collection":[{"href":"https:\/\/cdl.gladki.unixstorm.org\/index.php?rest_route=\/wp\/v2\/pages"}],"about":[{"href":"https:\/\/cdl.gladki.unixstorm.org\/index.php?rest_route=\/wp\/v2\/types\/page"}],"author":[{"embeddable":true,"href":"https:\/\/cdl.gladki.unixstorm.org\/index.php?rest_route=\/wp\/v2\/users\/1"}],"replies":[{"embeddable":true,"href":"https:\/\/cdl.gladki.unixstorm.org\/index.php?rest_route=%2Fwp%2Fv2%2Fcomments&post=2"}],"version-history":[{"count":14,"href":"https:\/\/cdl.gladki.unixstorm.org\/index.php?rest_route=\/wp\/v2\/pages\/2\/revisions"}],"predecessor-version":[{"id":97,"href":"https:\/\/cdl.gladki.unixstorm.org\/index.php?rest_route=\/wp\/v2\/pages\/2\/revisions\/97"}],"wp:featuredmedia":[{"embeddable":true,"href":"https:\/\/cdl.gladki.unixstorm.org\/index.php?rest_route=\/wp\/v2\/media\/57"}],"wp:attachment":[{"href":"https:\/\/cdl.gladki.unixstorm.org\/index.php?rest_route=%2Fwp%2Fv2%2Fmedia&parent=2"}],"curies":[{"name":"wp","href":"https:\/\/api.w.org\/{rel}","templated":true}]}}